{"id":147,"date":"2025-05-05T03:24:00","date_gmt":"2025-05-05T03:24:00","guid":{"rendered":"http:\/\/whs.oralmedic.com\/wordpress\/?page_id=147"},"modified":"2025-06-19T15:25:48","modified_gmt":"2025-06-19T15:25:48","slug":"contact-us","status":"publish","type":"page","link":"http:\/\/oralmedic.com\/?page_id=147","title":{"rendered":"Contact Us"},"content":{"rendered":"\n<h2 class=\"wp-block-heading has-text-align-center\">We Love Hearing from You<\/h2>\n\n\n\n<p class=\"has-text-align-center\">We love hearing from our customers. If you have any questions, please click the button below to contact us, and we&#8217;ll get back to you within 2 business days. <\/p>\n\n\n\n<div class=\"wp-block-buttons alignwide is-content-justification-center is-layout-flex wp-container-core-buttons-is-layout-a89b3969 wp-block-buttons-is-layout-flex\">\n<div class=\"wp-block-button is-style-fill\"><a class=\"wp-block-button__link wp-element-button\" href=\"mailto:customerservice@epien.com\">Contact Us<\/a><\/div>\n<\/div>\n\n\n\n<h2 class=\"wp-block-heading has-text-align-center\">Where to Find ORALMEDIC<sup>\u00ae<\/sup><\/h2>\n\n\n\n<p class=\"has-system-font-family\"><strong>ORALMEDIC<sup>\u00ae<\/sup> Distributors<\/strong><\/p>\n\n\n\n<div class=\"wp-block-columns is-layout-flex wp-container-core-columns-is-layout-28f84493 wp-block-columns-is-layout-flex\">\n<div class=\"wp-block-column is-layout-flow wp-block-column-is-layout-flow\" style=\"flex-basis:100%\">\n<div class=\"wp-block-group has-global-padding is-layout-constrained wp-block-group-is-layout-constrained\">\n<pre class=\"wp-block-preformatted has-system-font-family\"><strong>Australia<\/strong><br>Marketing Brokers Australia Pty Ltd.<br>111 Princes Highway<br>NSW 2217 Australia<br><a href=\"http:\/\/www.oralmedic.com.au\" data-type=\"link\" data-id=\"www.oralmedic.com.au\">www.oralmedic.com.au<\/a><br><br><strong>New Zealand<\/strong><br>Marketing Brokers New Zealand Ltd.<br>169 Pilkington Rd.<br>Auckland 1072 New Zealand<br><a href=\"http:\/\/www.oralmedic.co.nz\" data-type=\"link\" data-id=\"www.oralmedic.co.nz\">www.oralmedic.co.nz<\/a><br><br><strong>Israel<\/strong><br>Chemipal Ltd. - Chemipal is also our main distributor for Europe, the Middle East and Africa<br>44 Giborei Israel Street<br>Poleg Industrial Zone<br>Natanya, Israel 4250432<br><a href=\"http:\/\/www.chemipal.co.il\" data-type=\"link\" data-id=\"www.chemipal.co.il\">www.chemipal.co.il<\/a><br><br><strong>Turkey<\/strong><br>Casel Ecz.Cahit Selimo\u011flu Ila\u00e7 San. Ve Tic. Ltd. \u015eti.<br>Talatpa\u015fa Mah. Pazaryolu Cad.<br>No: 4 Casel Plaza<br>34513 Esenyurt\/Istanbul<br><a href=\"http:\/\/www.casel.com\" data-type=\"link\" data-id=\"www.casel.com\">www.casel.com<\/a><br><br><strong>Italy<\/strong><br>E.fa.s Spa<br>Via Malcantone 3<br>40011 Anzola dell\u2019Emilia (BO)<br><a href=\"http:\/\/www.efasspa.com\" data-type=\"link\" data-id=\"www.efasspa.com\">www.efasspa.com<\/a><br><br><strong>Canada<\/strong><br>16474039 Canada Inc.<br>54 Carnforth Rd<br>Toronto, Ontario, Canada ON M4A 2K7<br><a href=\"http:\/\/www.oralmedic.ca\" data-type=\"link\" data-id=\"www.oralmedic.ca\">www.oralmedic.ca<\/a><br><br><strong>Mexico<\/strong> (approval in-process with the Mexican Ministry of Health - COFEPRIS)<br>Generacion Nutiva SA de CV<br>Avenida Tecamachalco 14 int. 601G<br>Colonia Reforma Social<br>Delegacion Miguel Hidalgo, 11650 Mexico<br><br><strong>Hong Kong<\/strong><br>Sante Healthcare Alliance International Limited<br>Unit 2209-10, 22\/F, APEC Plaza<br>49 Hoi Yuen Road<br>Kwun Tong, Kowloon, Hong Kong<br><a href=\"http:\/\/www.santecare.com.hk\" data-type=\"link\" data-id=\"www.santecare.com.hk\">www.santecare.com.hk<\/a><br><\/pre>\n<\/div>\n<\/div>\n<\/div>\n\n\n\n<p style=\"font-size:clamp(14.642px, 0.915rem + ((1vw - 3.2px) * 0.681), 22px);line-height:0\"><\/p>\n","protected":false},"excerpt":{"rendered":"<p>We Love Hearing from You We love hearing from our customers. If you have any questions, please click the button below to contact us, and we&#8217;ll get back to you within 2 business days. Where to Find ORALMEDIC\u00ae ORALMEDIC\u00ae Distributors AustraliaMarketing Brokers Australia Pty Ltd.111 Princes HighwayNSW 2217 Australiawww.oralmedic.com.auNew ZealandMarketing Brokers New Zealand Ltd.169 Pilkington&hellip;<\/p>\n","protected":false},"author":6,"featured_media":0,"parent":0,"menu_order":0,"comment_status":"closed","ping_status":"closed","template":"","meta":{"footnotes":""},"class_list":["post-147","page","type-page","status-publish","hentry"],"_links":{"self":[{"href":"http:\/\/oralmedic.com\/index.php?rest_route=\/wp\/v2\/pages\/147","targetHints":{"allow":["GET"]}}],"collection":[{"href":"http:\/\/oralmedic.com\/index.php?rest_route=\/wp\/v2\/pages"}],"about":[{"href":"http:\/\/oralmedic.com\/index.php?rest_route=\/wp\/v2\/types\/page"}],"author":[{"embeddable":true,"href":"http:\/\/oralmedic.com\/index.php?rest_route=\/wp\/v2\/users\/6"}],"replies":[{"embeddable":true,"href":"http:\/\/oralmedic.com\/index.php?rest_route=%2Fwp%2Fv2%2Fcomments&post=147"}],"version-history":[{"count":14,"href":"http:\/\/oralmedic.com\/index.php?rest_route=\/wp\/v2\/pages\/147\/revisions"}],"predecessor-version":[{"id":706,"href":"http:\/\/oralmedic.com\/index.php?rest_route=\/wp\/v2\/pages\/147\/revisions\/706"}],"wp:attachment":[{"href":"http:\/\/oralmedic.com\/index.php?rest_route=%2Fwp%2Fv2%2Fmedia&parent=147"}],"curies":[{"name":"wp","href":"https:\/\/api.w.org\/{rel}","templated":true}]}}